{"id":104,"date":"2025-08-14T13:20:12","date_gmt":"2025-08-14T11:20:12","guid":{"rendered":"https:\/\/sandrad29d6ca628-natdy.wpcomstaging.com\/?page_id=103"},"modified":"2025-08-16T13:59:04","modified_gmt":"2025-08-16T13:59:04","slug":"services","status":"publish","type":"page","link":"https:\/\/smartux.digital\/de\/services\/","title":{"rendered":"Unsere Services"},"content":{"rendered":"<p><\/p>\n\n\n\n<h1 class=\"wp-block-heading\">Was macht es \u201csmart\u201d?<\/h1>\n\n\n\n<p>Wir stellen den Nutzer in den Mittelpunkt \u2013 mit all seinen Facetten. Und wir wissen, dass zu einem erfolgreichen Produkt mehr geh\u00f6rt als ein sch\u00f6nes Interface.<\/p>\n\n\n\n<h3 class=\"wp-block-heading\">S = Strategie<\/h3>\n\n\n\n<p>Auf der Grundlage unserer Forschung, unserer UX-Expertise und unserer Erfahrung in einer Vielzahl von Branchen sind wir in der Lage, Sie bei strategischen Entscheidungen zur Produktentwicklung zu beraten und die Anforderungen von Nutzern, Unternehmen, Marketing und Technologie in Einklang zu bringen. <\/p>\n\n\n\n<p>Mit strategischer Forschung stellen wir sicher, dass Sie nicht nur ein Produkt richtig entwickeln, sondern auch das richtige Produkt entwickeln.<\/p>\n\n\n\n<h3 class=\"wp-block-heading\">M = Management<\/h3>\n\n\n\n<p>Die Durchf\u00fchrung von Nutzerforschung ist eine Sache. Sicherstellen, dass die Ergebnisse innerhalb des Teams geteilt und allen relevanten Teammitgliedern und Stakeholdern (auch \u00fcber das aktuelle Projekt hinaus) zur Verf\u00fcgung gestellt werden, ist eine andere. <\/p>\n\n\n\n<p>Research Ops und Research Repositories k\u00f6nnen eine gro\u00dfartige M\u00f6glichkeit sein, Ihre UX-Aktivit\u00e4ten zu optimieren - und letztendlich einen h\u00f6heren Reifegrad der UX zu erreichen.<\/p>\n\n\n\n<p>Wir unterst\u00fctzen Sie gerne dabei, Ihre UX-Forschungsaktivit\u00e4ten effizienter zu gestalten, egal ob Sie einen freiberuflichen Berater oder einen Interim Manager ben\u00f6tigen.<\/p>\n\n\n\n<h3 class=\"wp-block-heading\">A = Accessibility<\/h3>\n\n\n\n<p>Im Juni 2025 ist das BSFG (Barrierefreiheitsst\u00e4rkungsgesetz) in Kraft getreten. Seit diesem Zeitpunkt ist die Einhaltung von Richtlinien f\u00fcr die digitale Barrierefreiheit f\u00fcr viele Webseiten verpflichtend. <\/p>\n\n\n\n<p>Jenseits von Normen und Richtlinien gibt es immer noch menschliche Bed\u00fcrfnisse, die entdeckt und verstanden werden m\u00fcssen, um Design wirklich inklusiv zu machen. <\/p>\n\n\n\n<p>Wir unterst\u00fctzen Sie mit unserer Expertise in inklusiver Forschung und Accessibility-Tests sowie mit unserem eigenen Nutzerpanel aus blinden und sehbehinderten Menschen.<\/p>\n\n\n\n<h3 class=\"wp-block-heading\">R = Research<\/h3>\n\n\n\n<p>Wir sind spezialisiert auf Nutzerforschung in all ihren Spielarten und Methoden - sorgf\u00e4ltig ausgew\u00e4hlt nach den Anforderungen Ihres Projekts (B2B und B2C): <\/p>\n\n\n\n<p>Usability und Accessibility Tests, Interviews, Fokusgruppen, ethnographische Studien, Card Sorting, Design- und Navigationstests, agiles Testen und Rapid Prototyping, Workshops, Online Surveys, Research Communities, Tagebuchstudien, Jobs-To-Be-Done, Expert Reviews und vieles mehr.<\/p>\n\n\n\n<h3 class=\"wp-block-heading\">T = Training<\/h3>\n\n\n\n<p>Alle reden von UX und Sie verstehen kein Wort? <\/p>\n\n\n\n<p>Lassen Sie sich von uns die Grundlagen des menschzentrierten Designs vermitteln und sich auf die CPUX-Zertifizierungspr\u00fcfung vorbereiten! <\/p>\n\n\n\n<p>Suchen Sie nach einer M\u00f6glichkeit, Ihr Team in UX-Management, Research Methoden oder Interview Skills zu schulen? Oder m\u00f6chten Sie die Stakeholder Ihres Unternehmens f\u00fcr die digitale Barrierefreiheit sensibilisieren?<\/p>\n\n\n\n<div class=\"wp-block-columns is-layout-flex wp-container-core-columns-is-layout-28f84493 wp-block-columns-is-layout-flex\">\n<div class=\"wp-block-column is-layout-flow wp-block-column-is-layout-flow\">\n<p><\/p>\n\n\n\n<h3 class=\"wp-block-heading\">SIE WOLLEN <br>MEHR \u00dcBER <br>UNSERE ARBEIT <br>ERFAHREN?<\/h3>\n<\/div>\n\n\n\n<div class=\"wp-block-column is-layout-flow wp-block-column-is-layout-flow\">\n<p><\/p>\n\n\n\n<h4 class=\"wp-block-heading\">ICH FREUE MICH AUF IHRE NACHRICHT:<\/h4>\n\n\n\n<p><strong>E-Mail: <\/strong>hello@smartux.digital<\/p>\n\n\n\n<p><strong>Telefon:<\/strong> +49 171 89 70 347<\/p>\n\n\n\n<p>In der sch\u00f6nen Ammersee-Region vor den Toren M\u00fcnchens zuhause, aber gerne weltweit (remote) f\u00fcr Sie t\u00e4tig!<\/p>\n<\/div>\n<\/div>","protected":false},"excerpt":{"rendered":"<p>What makes it &#8220;smart&#8221;? We put the user at the center &#8211; in all their facets. And we know that there is more to a successful product than just a nice interface. S = Strategy Based on our research, UX expertise and experience in a wide range of industries, we are able to advise you [&hellip;]<\/p>\n","protected":false},"author":1,"featured_media":0,"parent":0,"menu_order":1,"comment_status":"closed","ping_status":"closed","template":"","meta":{"footnotes":""},"class_list":["post-104","page","type-page","status-publish","hentry"],"_links":{"self":[{"href":"https:\/\/smartux.digital\/de\/wp-json\/wp\/v2\/pages\/104","targetHints":{"allow":["GET"]}}],"collection":[{"href":"https:\/\/smartux.digital\/de\/wp-json\/wp\/v2\/pages"}],"about":[{"href":"https:\/\/smartux.digital\/de\/wp-json\/wp\/v2\/types\/page"}],"author":[{"embeddable":true,"href":"https:\/\/smartux.digital\/de\/wp-json\/wp\/v2\/users\/1"}],"replies":[{"embeddable":true,"href":"https:\/\/smartux.digital\/de\/wp-json\/wp\/v2\/comments?post=104"}],"version-history":[{"count":8,"href":"https:\/\/smartux.digital\/de\/wp-json\/wp\/v2\/pages\/104\/revisions"}],"predecessor-version":[{"id":247,"href":"https:\/\/smartux.digital\/de\/wp-json\/wp\/v2\/pages\/104\/revisions\/247"}],"wp:attachment":[{"href":"https:\/\/smartux.digital\/de\/wp-json\/wp\/v2\/media?parent=104"}],"curies":[{"name":"wp","href":"https:\/\/api.w.org\/{rel}","templated":true}]}}