{"id":47,"date":"2025-08-14T09:21:53","date_gmt":"2025-08-14T07:21:53","guid":{"rendered":"https:\/\/sandrad29d6ca628-natdy.wpcomstaging.com\/home\/"},"modified":"2025-08-16T13:26:22","modified_gmt":"2025-08-16T13:26:22","slug":"home","status":"publish","type":"page","link":"https:\/\/smartux.digital\/de\/","title":{"rendered":"Start"},"content":{"rendered":"<p><\/p>\n\n\n\n<h1 class=\"wp-block-heading\">Hallo, wir sind&nbsp;<br>smart ux.<\/h1>\n\n\n\n<p><\/p>\n\n\n\n<p>Wir helfen Ihnen dabei, erfolgreiche Produkte und Services zu entwickeln, die einfach zu nutzen sind \u2013 f\u00fcr alle. <strong>Mit inklusiver Nutzerforschung, UX Management und Training.<\/strong><\/p>\n\n\n\n<p><\/p>\n\n\n\n<div class=\"wp-block-button\"><a class=\"wp-block-button__link wp-element-button\" href=\"https:\/\/smartux.digital\/de\/services\/\">Unsere Services<\/a><\/div>\n\n\n\n<p><\/p>\n\n\n\n<p>Mit \u00fcber 15 Jahren Erfahrung in User Research und UX unterst\u00fctzen wir Unternehmen weltweit dabei, <strong>digitale Produkte und Dienstleistungen zu entwickeln, die barrierefrei, intuitiv und erfolgreich sind.<\/strong>.<\/p>\n\n\n\n<p>Mit professioneller Nutzerforschung und UX Management stellen wir sicher, dass Ihre Produkte <strong>nicht nur die Bed\u00fcrfnisse der Nutzer erf\u00fcllen, sondern auch zum Gesch\u00e4ftserfolg beitragen.<\/strong>.<\/p>\n\n\n\n<p>Durch Training und Beratung versetzen wir Ihr Team in die Lage, effizient und qualitativ hochwertig zu forschen und <strong>Die Erkenntnisse in konkrete Ma\u00dfnahmen und strategische Entscheidungen umzusetzen.<\/strong>.<\/p>\n\n\n\n<p>Mit inklusiver Forschung stellen wir sicher, dass Ihre Angebote <strong>nicht nur den formalen Anforderungen entsprechen, sondern wirklich gut nutzbar sind - f\u00fcr alle.<\/strong>.<\/p>\n\n\n\n<p><\/p>\n\n\n\n<h2 class=\"wp-block-heading\">Ein paar nette Worte<br>von Menschen, mit denen<br>wir gearbeitet haben:<\/h2>\n\n\n\n<blockquote class=\"wp-block-quote is-layout-flow wp-block-quote-is-layout-flow\">\n<p class=\"has-text-align-left\"><em>\u201cSandra is an exceptional researcher, facilitator and leader. She successfully led Google\u2019s Mobile Labs programme in Germany together with cxpartners for four years \u2013 generating measurable improvements for Google\u2019s biggest advertisers. Clients trust Sandra\u2019s judgement due to the depth of her experience and her domain expertise. She is a natural collaborator and a joy to work with \u2013 one of the best.\u201d<\/em> <\/p>\n\n\n\n<p class=\"has-text-align-right\"><strong>Neil Schwarz \u2013 Experience Strategy Director @cxpartners<\/strong><\/p>\n<\/blockquote>\n\n\n\n<blockquote class=\"wp-block-quote is-layout-flow wp-block-quote-is-layout-flow\">\n<p class=\"has-text-align-left\"><em>\u201cBig, big thank you to Sandra. She provided our product sprint team with valuable user insights at a very early stage of exploration and ensured that we drew the right conclusions. She is a great researcher and moderator \u2013 and amazing to work with.\u201d<\/em><\/p>\n\n\n\n<p class=\"has-text-align-right\"><strong>Sabrina Duda \u2013 Principal UX Researcher @Stepstone<\/strong><\/p>\n<\/blockquote>\n\n\n\n<blockquote class=\"wp-block-quote is-layout-flow wp-block-quote-is-layout-flow\">\n<p class=\"has-text-align-left\"><em>\u201cI had the pleasure of working with Sandra on user testing for our app and web platforms, and I couldn\u2019t be happier with the results. Sandra is incredibly knowledgeable and hard working, and her input was invaluable in helping us improve the user experience. I highly recommend her for any user testing project.\u201d<\/em><\/p>\n\n\n\n<p class=\"has-text-align-right\"><strong>Burcu Yurtbulmus \u2013 VP of Product @NA-KD<\/strong><\/p>\n<\/blockquote>\n\n\n\n<div class=\"wp-block-columns is-layout-flex wp-container-core-columns-is-layout-28f84493 wp-block-columns-is-layout-flex\">\n<div class=\"wp-block-column is-layout-flow wp-block-column-is-layout-flow\">\n<p><\/p>\n\n\n\n<h2 class=\"wp-block-heading\">\u00dcber mich<\/h2>\n\n\n\n<p>SANDRA SCHUSTER<\/p>\n\n\n\n<p>Als Gr\u00fcnderin von smartUX und leidenschaftliche UX-Spezialistin setze ich meine fast 20-j\u00e4hrige Erfahrung in psychologischer Forschung, Informatik und Human Centric Design ein, um meine Kunden mit ma\u00dfgeschneiderten L\u00f6sungen f\u00fcr Nutzerforschung, Beratung und Training zu unterst\u00fctzen.&nbsp;<\/p>\n\n\n\n<div class=\"wp-block-button\"><a class=\"wp-block-button__link wp-element-button\" href=\"https:\/\/smartux.digital\/de\/about-me\/\">Mehr \u00fcber mich<\/a><\/div>\n<\/div>\n<\/div>\n\n\n\n<div class=\"wp-block-columns is-layout-flex wp-container-core-columns-is-layout-28f84493 wp-block-columns-is-layout-flex\">\n<div class=\"wp-block-column is-layout-flow wp-block-column-is-layout-flow\">\n<p><\/p>\n\n\n\n<p><\/p>\n\n\n\n<h3 class=\"wp-block-heading\">BEREIT,<br>IHRE UX<br>AUF EIN <br>SMARTES <br>LEVEL <br>ZU HEBEN?<\/h3>\n<\/div>\n\n\n\n<div class=\"wp-block-column is-layout-flow wp-block-column-is-layout-flow\">\n<p><\/p>\n\n\n\n<p><\/p>\n\n\n\n<h4 class=\"wp-block-heading\">ICH FREUE MICH AUF IHRE NACHRICHT:<\/h4>\n\n\n\n<p><strong>E-Mail: <\/strong>hello@smartux.digital<\/p>\n\n\n\n<p><strong>Telefon: <\/strong>+49 171 89 70 347<\/p>\n\n\n\n<p>In der sch\u00f6nen Ammersee-Region vor den Toren M\u00fcnchens zuhause, aber gerne weltweit (remote) f\u00fcr Sie t\u00e4tig!<\/p>\n<\/div>\n<\/div>","protected":false},"excerpt":{"rendered":"<p>hello, we are&nbsp;smart ux. We help you build successful products and services that are easy to use &#8211; for everyone. With inclusive user research, UX management and training. With over 15 years of experience in user research and UX, we help businesses worldwide create digital products and services that are accessible, intuitive, and successful. With [&hellip;]<\/p>\n","protected":false},"author":1,"featured_media":0,"parent":0,"menu_order":0,"comment_status":"closed","ping_status":"closed","template":"","meta":{"footnotes":""},"class_list":["post-47","page","type-page","status-publish","hentry"],"_links":{"self":[{"href":"https:\/\/smartux.digital\/de\/wp-json\/wp\/v2\/pages\/47","targetHints":{"allow":["GET"]}}],"collection":[{"href":"https:\/\/smartux.digital\/de\/wp-json\/wp\/v2\/pages"}],"about":[{"href":"https:\/\/smartux.digital\/de\/wp-json\/wp\/v2\/types\/page"}],"author":[{"embeddable":true,"href":"https:\/\/smartux.digital\/de\/wp-json\/wp\/v2\/users\/1"}],"replies":[{"embeddable":true,"href":"https:\/\/smartux.digital\/de\/wp-json\/wp\/v2\/comments?post=47"}],"version-history":[{"count":21,"href":"https:\/\/smartux.digital\/de\/wp-json\/wp\/v2\/pages\/47\/revisions"}],"predecessor-version":[{"id":240,"href":"https:\/\/smartux.digital\/de\/wp-json\/wp\/v2\/pages\/47\/revisions\/240"}],"wp:attachment":[{"href":"https:\/\/smartux.digital\/de\/wp-json\/wp\/v2\/media?parent=47"}],"curies":[{"name":"wp","href":"https:\/\/api.w.org\/{rel}","templated":true}]}}