{"id":48,"date":"2025-08-14T09:21:53","date_gmt":"2025-08-14T07:21:53","guid":{"rendered":"https:\/\/sandrad29d6ca628-natdy.wpcomstaging.com\/imprint\/"},"modified":"2025-08-17T12:26:23","modified_gmt":"2025-08-17T12:26:23","slug":"imprint","status":"publish","type":"page","link":"https:\/\/smartux.digital\/de\/imprint\/","title":{"rendered":"Impressum"},"content":{"rendered":"<h1 class=\"wp-block-heading\">IMPRESSUM<\/h1>\n\n\n\n<h3 class=\"wp-block-heading\">Informationen nach \u00a7 5 Telemediengesetz (TMG)<\/h3>\n\n\n\n<p>Sandra Schuster<br>Seefelderhofberg 7a<br>86919 Utting am Ammersee<br>Deutschland<\/p>\n\n\n\n<p>+49 171 89 70 347<br>sandra@smartux.digital<\/p>\n\n\n\n<p>UStID: DE327547499<\/p>\n\n\n\n<p>Inhaltlich verantwortlich gem\u00e4\u00df \u00a7 55 Abs. 2 des Rundfunkstaatsvertrages (RStV): Sandra Schuster<\/p>\n\n\n\n<p><strong><\/strong><\/p>\n\n\n\n<p><strong>Verantwortlichkeit f\u00fcr den Inhalt<\/strong><br>Die Inhalte unserer Seiten wurden mit gr\u00f6\u00dfter Sorgfalt erstellt. F\u00fcr die Richtigkeit, Vollst\u00e4ndigkeit und Aktualit\u00e4t der Inhalte k\u00f6nnen wir jedoch keine Gew\u00e4hr \u00fcbernehmen. Gem\u00e4\u00df den gesetzlichen Bestimmungen sind wir dar\u00fcber hinaus f\u00fcr eigene Inhalte auf diesen Seiten verantwortlich. Wir weisen in diesem Zusammenhang darauf hin, dass wir demnach nicht verpflichtet sind, lediglich die \u00fcbermittelten oder gespeicherten Informationen Dritter zu \u00fcberwachen oder nach Umst\u00e4nden zu forschen, die auf eine rechtswidrige T\u00e4tigkeit hinweisen. Verpflichtungen zur Entfernung oder Sperrung der Nutzung von Informationen nach den allgemeinen Gesetzen bleiben hiervon unber\u00fchrt, vgl. \u00a7\u00a7 8 bis 10 TMG.<\/p>\n\n\n\n<p><strong><\/strong><\/p>\n\n\n\n<p><strong>Verantwortlichkeit f\u00fcr Links<\/strong><br>F\u00fcr den Inhalt externer Links (zu Webseiten Dritter) sind ausschlie\u00dflich deren Betreiber verantwortlich. Zum Zeitpunkt der Verlinkung waren f\u00fcr uns keine Rechtsverst\u00f6\u00dfe ersichtlich. Bei Bekanntwerden von Rechtsverst\u00f6\u00dfen werden wir den entsprechenden Link umgehend entfernen.<\/p>\n\n\n\n<p><\/p>\n\n\n\n<p><strong>Urheberrecht<\/strong><br>Unsere Webseiten und deren Inhalte unterliegen dem deutschen Urheberrecht. Jede Form der Verwertung, Vervielf\u00e4ltigung oder Bearbeitung urheberrechtlich gesch\u00fctzter Werke auf unseren Webseiten bedarf, soweit nicht ausdr\u00fccklich gesetzlich erlaubt (\u00a7 44a ff. UrhG), der vorherigen Zustimmung des jeweiligen Rechteinhabers. Einzelne Vervielf\u00e4ltigungen eines Werkes sind nur zum privaten Gebrauch gestattet, d\u00fcrfen also weder direkt noch indirekt der Gewinnerzielung dienen. Die unerlaubte Verwertung von urheberrechtlich gesch\u00fctzten Werken ist strafbar (\u00a7 106 des Urheberrechtsgesetzes).<\/p>\n\n\n\n<p><\/p>\n\n\n\n<p><a href=\"https:\/\/smartux.digital\/de\/\">Zur\u00fcck zur Startseite<\/a><\/p>\n\n\n\n<p><\/p>\n\n\n\n<p><\/p>\n\n\n\n<p><\/p>","protected":false},"excerpt":{"rendered":"<p>LEGAL NOTICE Information provided according to Sec. 5 German Telemedia Act (TMG) Sandra SchusterSeefelderhofberg 7a86919 Utting am AmmerseeGermany +49 171 89 70 347sandra@smartux.digital VAT ID: DE327547499 Responsible for content in accordance with \u00a7 55 para. 2 of the Interstate Broadcasting Agreement (RStV): Sandra Schuster Accountability for contentThe contents of our pages have been created with [&hellip;]<\/p>\n","protected":false},"author":1,"featured_media":0,"parent":0,"menu_order":3,"comment_status":"closed","ping_status":"closed","template":"","meta":{"footnotes":""},"class_list":["post-48","page","type-page","status-publish","hentry"],"_links":{"self":[{"href":"https:\/\/smartux.digital\/de\/wp-json\/wp\/v2\/pages\/48","targetHints":{"allow":["GET"]}}],"collection":[{"href":"https:\/\/smartux.digital\/de\/wp-json\/wp\/v2\/pages"}],"about":[{"href":"https:\/\/smartux.digital\/de\/wp-json\/wp\/v2\/types\/page"}],"author":[{"embeddable":true,"href":"https:\/\/smartux.digital\/de\/wp-json\/wp\/v2\/users\/1"}],"replies":[{"embeddable":true,"href":"https:\/\/smartux.digital\/de\/wp-json\/wp\/v2\/comments?post=48"}],"version-history":[{"count":2,"href":"https:\/\/smartux.digital\/de\/wp-json\/wp\/v2\/pages\/48\/revisions"}],"predecessor-version":[{"id":262,"href":"https:\/\/smartux.digital\/de\/wp-json\/wp\/v2\/pages\/48\/revisions\/262"}],"wp:attachment":[{"href":"https:\/\/smartux.digital\/de\/wp-json\/wp\/v2\/media?parent=48"}],"curies":[{"name":"wp","href":"https:\/\/api.w.org\/{rel}","templated":true}]}}