{"id":51,"date":"2025-08-14T09:21:53","date_gmt":"2025-08-14T07:21:53","guid":{"rendered":"https:\/\/sandrad29d6ca628-natdy.wpcomstaging.com\/a11y\/"},"modified":"2025-08-17T12:25:16","modified_gmt":"2025-08-17T12:25:16","slug":"a11y","status":"publish","type":"page","link":"https:\/\/smartux.digital\/de\/a11y\/","title":{"rendered":"Barrierefreiheit"},"content":{"rendered":"<h1 class=\"wp-block-heading\">ERKL\u00c4RUNG ZUR<br>BARRIEREFREIHEIT<\/h1>\n\n\n\n<p><strong>Stand der Barrierefreiheit<\/strong><\/p>\n\n\n\n<p>Die Website smartux.digital wurde mit dem Ziel gestaltet, m\u00f6glichst barrierefrei zug\u00e4nglich zu sein. Wir orientieren uns an den Anforderungen der Web Content Accessibility Guidelines (WCAG) 2.1 auf Konformit\u00e4tsstufe AA sowie an den Vorgaben des Barrierefreiheitsst\u00e4rkungsgesetzes (BFSG).<\/p>\n\n\n\n<p><strong><\/strong><\/p>\n\n\n\n<p><strong><\/strong><strong>Feedback und Kontakt<\/strong><\/p>\n\n\n\n<p>Sollten Sie auf Barrieren sto\u00dfen oder Unterst\u00fctzung ben\u00f6tigen, nehmen Sie bitte Kontakt mit uns auf:<\/p>\n\n\n\n<p>E-Mail: hello@smartux.digital&nbsp;<br>Telefon: +49 171 89 70 347<\/p>\n\n\n\n<p>Wir bem\u00fchen uns, Ihre Anfragen zeitnah zu bearbeiten.<\/p>\n\n\n\n<p><\/p>\n\n\n\n<p><strong>Schlichtungsverfahren<\/strong><\/p>\n\n\n\n<p>If you are not satisfied with our response, you can contact: <\/p>\n\n\n\n<p>Conciliation Body under the German Act on Equal Opportunities for People with Disabilities<br>Mauerstra\u00dfe 53<br>10117 Berlin<\/p>\n\n\n\n<ul class=\"wp-block-list\">\n<li>Telefon: +49 (0)30 18527-2805<\/li>\n\n\n\n<li>E-Mail: <a>info@schlichtungsstelle-bgg.de<\/a><\/li>\n\n\n\n<li>Website: <a>www.schlichtungsstelle-bgg.de<\/a><\/li>\n<\/ul>\n\n\n\n<p><\/p>\n\n\n\n<p><strong>Erstellungsdatum und \u00dcberpr\u00fcfung<\/strong><\/p>\n\n\n\n<p>Diese Erkl\u00e4rung wurde am 11. M\u00e4rz 2025 erstellt und wird regelm\u00e4\u00dfig \u00fcberpr\u00fcft.<\/p>\n\n\n\n<p><\/p>\n\n\n\n<p><\/p>\n\n\n\n<p><a>Zur\u00fcck zur Startseite<\/a><\/p>\n\n\n\n<p><\/p>\n\n\n\n<p><\/p>\n\n\n\n<p><\/p>","protected":false},"excerpt":{"rendered":"<p>ACCESSIBILITYSTATEMENT Status of Accessibility The website smartux.digital has been designed to be as accessible as possible. We align with the requirements of the Web Content Accessibility Guidelines (WCAG) 2.1 at Level AA, as well as the provisions of the German Act on Strengthening Accessibility (Barrierefreiheitsst\u00e4rkungsgesetz, BFSG). Feedback and Contact If you encounter any barriers or [&hellip;]<\/p>\n","protected":false},"author":1,"featured_media":0,"parent":0,"menu_order":5,"comment_status":"closed","ping_status":"closed","template":"","meta":{"footnotes":""},"class_list":["post-51","page","type-page","status-publish","hentry"],"_links":{"self":[{"href":"https:\/\/smartux.digital\/de\/wp-json\/wp\/v2\/pages\/51","targetHints":{"allow":["GET"]}}],"collection":[{"href":"https:\/\/smartux.digital\/de\/wp-json\/wp\/v2\/pages"}],"about":[{"href":"https:\/\/smartux.digital\/de\/wp-json\/wp\/v2\/types\/page"}],"author":[{"embeddable":true,"href":"https:\/\/smartux.digital\/de\/wp-json\/wp\/v2\/users\/1"}],"replies":[{"embeddable":true,"href":"https:\/\/smartux.digital\/de\/wp-json\/wp\/v2\/comments?post=51"}],"version-history":[{"count":4,"href":"https:\/\/smartux.digital\/de\/wp-json\/wp\/v2\/pages\/51\/revisions"}],"predecessor-version":[{"id":261,"href":"https:\/\/smartux.digital\/de\/wp-json\/wp\/v2\/pages\/51\/revisions\/261"}],"wp:attachment":[{"href":"https:\/\/smartux.digital\/de\/wp-json\/wp\/v2\/media?parent=51"}],"curies":[{"name":"wp","href":"https:\/\/api.w.org\/{rel}","templated":true}]}}